{"id":564,"date":"2018-11-10T22:35:23","date_gmt":"2018-11-10T22:35:23","guid":{"rendered":"https:\/\/www.ruirei.com\/?page_id=564"},"modified":"2018-11-10T22:35:23","modified_gmt":"2018-11-10T22:35:23","slug":"edificio-de-habitacao-e-comercio-em-aveiro-2","status":"publish","type":"page","link":"https:\/\/www.ruirei.com\/?page_id=564","title":{"rendered":"Edif\u00edcio de Habita\u00e7\u00e3o e Com\u00e9rcio em Aveiro (2)"},"content":{"rendered":"","protected":false},"excerpt":{"rendered":"","protected":false},"author":1,"featured_media":0,"parent":0,"menu_order":0,"comment_status":"closed","ping_status":"closed","template":"template-fullscreen-slider.php","meta":{"footnotes":""},"_links":{"self":[{"href":"https:\/\/www.ruirei.com\/index.php?rest_route=\/wp\/v2\/pages\/564"}],"collection":[{"href":"https:\/\/www.ruirei.com\/index.php?rest_route=\/wp\/v2\/pages"}],"about":[{"href":"https:\/\/www.ruirei.com\/index.php?rest_route=\/wp\/v2\/types\/page"}],"author":[{"embeddable":true,"href":"https:\/\/www.ruirei.com\/index.php?rest_route=\/wp\/v2\/users\/1"}],"replies":[{"embeddable":true,"href":"https:\/\/www.ruirei.com\/index.php?rest_route=%2Fwp%2Fv2%2Fcomments&post=564"}],"version-history":[{"count":1,"href":"https:\/\/www.ruirei.com\/index.php?rest_route=\/wp\/v2\/pages\/564\/revisions"}],"predecessor-version":[{"id":565,"href":"https:\/\/www.ruirei.com\/index.php?rest_route=\/wp\/v2\/pages\/564\/revisions\/565"}],"wp:attachment":[{"href":"https:\/\/www.ruirei.com\/index.php?rest_route=%2Fwp%2Fv2%2Fmedia&parent=564"}],"curies":[{"name":"wp","href":"https:\/\/api.w.org\/{rel}","templated":true}]}}