{"id":539,"date":"2018-11-10T19:49:59","date_gmt":"2018-11-10T19:49:59","guid":{"rendered":"https:\/\/www.ruirei.com\/?page_id=539"},"modified":"2018-11-10T19:49:59","modified_gmt":"2018-11-10T19:49:59","slug":"armazem-na-gafanha-da-encarnacao-1","status":"publish","type":"page","link":"https:\/\/www.ruirei.com\/?page_id=539","title":{"rendered":"Armaz\u00e9m na Gafanha da Encarna\u00e7\u00e3o (1)"},"content":{"rendered":"","protected":false},"excerpt":{"rendered":"","protected":false},"author":1,"featured_media":0,"parent":0,"menu_order":0,"comment_status":"closed","ping_status":"closed","template":"template-fullscreen-slider.php","meta":{"footnotes":""},"_links":{"self":[{"href":"https:\/\/www.ruirei.com\/index.php?rest_route=\/wp\/v2\/pages\/539"}],"collection":[{"href":"https:\/\/www.ruirei.com\/index.php?rest_route=\/wp\/v2\/pages"}],"about":[{"href":"https:\/\/www.ruirei.com\/index.php?rest_route=\/wp\/v2\/types\/page"}],"author":[{"embeddable":true,"href":"https:\/\/www.ruirei.com\/index.php?rest_route=\/wp\/v2\/users\/1"}],"replies":[{"embeddable":true,"href":"https:\/\/www.ruirei.com\/index.php?rest_route=%2Fwp%2Fv2%2Fcomments&post=539"}],"version-history":[{"count":1,"href":"https:\/\/www.ruirei.com\/index.php?rest_route=\/wp\/v2\/pages\/539\/revisions"}],"predecessor-version":[{"id":540,"href":"https:\/\/www.ruirei.com\/index.php?rest_route=\/wp\/v2\/pages\/539\/revisions\/540"}],"wp:attachment":[{"href":"https:\/\/www.ruirei.com\/index.php?rest_route=%2Fwp%2Fv2%2Fmedia&parent=539"}],"curies":[{"name":"wp","href":"https:\/\/api.w.org\/{rel}","templated":true}]}}